{"id":104,"date":"2025-10-23T08:45:16","date_gmt":"2025-10-23T08:45:16","guid":{"rendered":"https:\/\/feuerwehr-harmstorf.de\/?page_id=104"},"modified":"2026-03-31T15:40:37","modified_gmt":"2026-03-31T15:40:37","slug":"jugendfeuerwehr","status":"publish","type":"page","link":"https:\/\/feuerwehr-harmstorf.de\/?page_id=104","title":{"rendered":"Jugendfeuerwehr"},"content":{"rendered":"\n  \n    \n    <section class=\"u-clearfix u-image u-shading u-section-2\" id=\"block-4\" style=\"background-image: linear-gradient(rgba(212, 0, 9, 0.8), rgba(212, 0, 9, 0.8)), url(&quot;https:\/\/feuerwehr-harmstorf.de\/wp-content\/uploads\/2025\/07\/19Nx.gif&quot;);\">\n      <div class=\"u-clearfix u-sheet u-valign-middle u-sheet-1\">\n        <h2 class=\"u-align-center u-custom-font u-font-oswald u-text u-text-default-lg u-text-default-xl u-text-1\"> Cool genug\nf\u00fcr ein hei\u00dfes Hobby? <\/h2>\n      <\/div>\n    <\/section>\n    <section class=\"u-align-center u-clearfix u-container-align-center u-valign-middle-lg u-valign-middle-md u-valign-middle-sm u-valign-middle-xs u-section-3\" id=\"sec-d8d4\">\n      <div class=\"u-clearfix u-sheet u-sheet-1\">\n        <div class=\"data-layout-selected u-clearfix u-layout-wrap u-layout-wrap-1\">\n          <div class=\"u-layout\">\n            <div class=\"u-layout-row\">\n              <div class=\"u-align-left u-container-align-left u-container-style u-grey-5 u-layout-cell u-right-cell u-size-30 u-layout-cell-1\">\n                <div class=\"u-container-layout u-valign-middle-lg u-valign-middle-md u-valign-middle-sm u-valign-middle-xs u-valign-top-xl u-container-layout-1\">\n                  <p class=\"u-text u-text-1\"> Jugendfeuerwehr ist die Jugendorganisationen der Freiwilligen\nFeuerwehr. Sie erm\u00f6glichen es Kindern und Jugendlichen spielerisch die Aufgaben\nund die Arbeit der Feuerwehr kennenzulernen und in diese hineinzuwachsen. F\u00fcr\ndie Freiwillige Feuerwehr ist sie wichtig, um den Nachwuchs f\u00fcr die\nEinsatzabteilung und damit den Fortbestand der Freiwilligen Feuerwehren\nsicherzustellen.<br>\n                    <br>\n                    <br>Beim Ausbildungsdienst lernen die Kinder\/Jugendlichen die Aufgaben\nder Feuerwehr kennen und erlernen typische Feuerwehrt\u00e4tigkeiten.\nSpiel und Spa\u00df d\u00fcrfen dabei nat\u00fcrlich nicht zu kurz kommen.\nWettk\u00e4mpfe, Zeltl\u00e4ger, Osterfeuer, Weihnachtsmarkt und vieles mehr. Bei der\nJugendfeuerwehr ist immer was los.\nWerte, wie Toleranz, Gleichberechtigung, Kameradschaft, Teamgeist,\nHilfsbereitschaft und ehrenamtliches Engagement werden dabei immer\ngro\u00dfgeschrieben.<br>&nbsp;Die Mitgliedschaft in der Jugendfeuerwehr ist kostenlos. Auch f\u00fcr\ndie Jugendfeuerwehrbekleidung wird gestellt.\nDie Kinder\/Jugendlichen sind bei allen Diensten und\nVeranstaltungen \u00fcber die Feuerwehrunfallkasse Hannover versichert. \n                  <\/p>\n                <\/div>\n              <\/div>\n              <div class=\"u-container-style u-image u-layout-cell u-left-cell u-size-30 u-image-1\" data-image-width=\"2048\" data-image-height=\"1151\" style=\"background-image: url(&quot;https:\/\/feuerwehr-harmstorf.de\/wp-content\/uploads\/2026\/03\/gruppenfoto_jugendfeuerwehr_harmstorf.jpeg&quot;);\">\n                <div class=\"u-container-layout u-container-layout-2\"><\/div>\n              <\/div>\n            <\/div>\n          <\/div>\n        <\/div>\n        <div class=\"u-container-style u-expanded-width-md u-expanded-width-sm u-expanded-width-xs u-group u-palette-2-base u-group-1\">\n          <div class=\"u-container-layout u-container-layout-3\">\n            <p class=\"u-text u-text-default u-text-2\"> Gr\u00fcndung:&nbsp;01.01.1974&nbsp;<br>Gr\u00fcnder: Manfred\nKaninck&nbsp;<br>Mitgliedsalter: 10\n\u2013 18 Jahre (ab 16 kann man in die Einsatzabteilung \u00fcbertreten)&nbsp;<br>Dienst: Jeden\nDienstag 18.00 \u2013 20.00 Uhr.&nbsp;<br>Treffen ist immer am Feuerwehrhaus&nbsp;<br>Mitglieder: 5\nM\u00e4dchen&nbsp;und&nbsp;9 Jungs\n            <\/p>\n          <\/div>\n        <\/div>\n      <\/div>\n    <\/section>\n    <section class=\"u-align-center u-clearfix u-container-align-center u-grey-5 u-section-4\" id=\"block-3\">\n      <div class=\"u-clearfix u-sheet u-valign-middle u-sheet-1\">\n        <div class=\"u-expanded-width u-list u-list-1\">\n          <div class=\"u-repeater u-repeater-1\">\n            <div class=\"u-align-center u-container-align-center u-container-style u-list-item u-repeater-item u-white\">\n              <div class=\"u-container-layout u-similar-container u-valign-top u-container-layout-1\">\n                <img decoding=\"async\" alt=\"\" class=\"u-expanded-width u-image u-image-default u-image-1\" data-image-width=\"320\" data-image-height=\"473\" src=\"https:\/\/feuerwehr-harmstorf.de\/wp-content\/uploads\/2026\/02\/kirstein.jpg\">\n                <h5 class=\"u-text u-text-1\">Sascha Kirstein<\/h5>\n                <p class=\"u-text u-text-2\"> Jugendwart<\/p>\n                <p class=\"u-text u-text-3\">jugendfeuerwehr@feuerwehr-harmstorf.de<\/p>\n              <\/div>\n            <\/div>\n            <div class=\"u-align-center u-container-align-center u-container-style u-list-item u-repeater-item u-white\">\n              <div class=\"u-container-layout u-similar-container u-valign-top u-container-layout-2\">\n                <img decoding=\"async\" alt=\"\" class=\"u-expanded-width u-image u-image-default u-image-2\" data-image-width=\"305\" data-image-height=\"470\" src=\"https:\/\/feuerwehr-harmstorf.de\/wp-content\/uploads\/2026\/02\/duan.jpg\">\n                <h5 class=\"u-text u-text-4\">Doan Vu<\/h5>\n                <p class=\"u-text u-text-5\">Stv. Jugendwart<\/p>\n                <p class=\"u-text u-text-6\"> jugendfeuerwehr@feuerwehr-harmstorf.de<\/p>\n              <\/div>\n            <\/div>\n          <\/div>\n        <\/div>\n      <\/div>\n    <\/section>\n    \n    \n    \n    \n  \n","protected":false},"excerpt":{"rendered":"<p>Cool genug f\u00fcr ein hei\u00dfes Hobby? Jugendfeuerwehr ist die Jugendorganisationen der Freiwilligen Feuerwehr. Sie erm\u00f6glichen es Kindern und Jugendlichen spielerisch die Aufgaben und die Arbeit der Feuerwehr kennenzulernen und in diese hineinzuwachsen. F\u00fcr die Freiwillige Feuerwehr ist sie wichtig, um den Nachwuchs f\u00fcr die Einsatzabteilung und damit den Fortbestand der Freiwilligen Feuerwehren sicherzustellen. Beim Ausbildungsdienst &hellip; <a href=\"https:\/\/feuerwehr-harmstorf.de\/?page_id=104\" class=\"more-link\">Continue reading<span class=\"screen-reader-text\"> &#8222;Jugendfeuerwehr&#8220;<\/span><\/a><\/p>\n","protected":false},"author":1,"featured_media":0,"parent":0,"menu_order":0,"comment_status":"closed","ping_status":"closed","template":"","meta":{"footnotes":""},"class_list":["post-104","page","type-page","status-publish","hentry"],"_links":{"self":[{"href":"https:\/\/feuerwehr-harmstorf.de\/index.php?rest_route=\/wp\/v2\/pages\/104","targetHints":{"allow":["GET"]}}],"collection":[{"href":"https:\/\/feuerwehr-harmstorf.de\/index.php?rest_route=\/wp\/v2\/pages"}],"about":[{"href":"https:\/\/feuerwehr-harmstorf.de\/index.php?rest_route=\/wp\/v2\/types\/page"}],"author":[{"embeddable":true,"href":"https:\/\/feuerwehr-harmstorf.de\/index.php?rest_route=\/wp\/v2\/users\/1"}],"replies":[{"embeddable":true,"href":"https:\/\/feuerwehr-harmstorf.de\/index.php?rest_route=%2Fwp%2Fv2%2Fcomments&post=104"}],"version-history":[{"count":5,"href":"https:\/\/feuerwehr-harmstorf.de\/index.php?rest_route=\/wp\/v2\/pages\/104\/revisions"}],"predecessor-version":[{"id":187,"href":"https:\/\/feuerwehr-harmstorf.de\/index.php?rest_route=\/wp\/v2\/pages\/104\/revisions\/187"}],"wp:attachment":[{"href":"https:\/\/feuerwehr-harmstorf.de\/index.php?rest_route=%2Fwp%2Fv2%2Fmedia&parent=104"}],"curies":[{"name":"wp","href":"https:\/\/api.w.org\/{rel}","templated":true}]}}