{"id":125,"date":"2025-10-23T12:12:26","date_gmt":"2025-10-23T12:12:26","guid":{"rendered":"https:\/\/feuerwehr-harmstorf.de\/?page_id=125"},"modified":"2026-03-01T15:25:42","modified_gmt":"2026-03-01T15:25:42","slug":"kinderfeuerwehr","status":"publish","type":"page","link":"https:\/\/feuerwehr-harmstorf.de\/?page_id=125","title":{"rendered":"Kinderfeuerwehr"},"content":{"rendered":"\n  \n    \n    <section class=\"u-clearfix u-grey-5 u-section-2\" id=\"block-1\" data-image-width=\"2000\" data-image-height=\"1333\">\n      <div class=\"u-clearfix u-sheet u-sheet-1\">\n        <h1 class=\"u-text u-text-default u-title u-text-1\">Kinderfeuerwehr<\/h1>\n        <div class=\"u-container-style u-group u-palette-1-base u-group-1\">\n          <div class=\"u-container-layout u-valign-top u-container-layout-1\">\n            <p class=\"u-text u-text-default u-text-2\"><span style=\"font-weight: 700;\"><span style=\"font-weight: 700; font-size: 2.25rem;\">Du willst dabei sein?&nbsp;<\/span><\/span>\n              <br>Dann komm zur Kinderfeuerwehr\nHarmstorf.\nBeitrittsalter: 6 Jahre&nbsp;<br>Ort: Feuerwehr Harmstorf&nbsp;<br>\n              <br>Kontakt: Waltraud Sojka \n            <\/p>\n          <\/div>\n        <\/div>\n        <p class=\"u-text u-text-3\"> Du bist neugierig, mutig und m\u00f6chtest lernen, wie\nFeuerwehrleute arbeiten?\nDann bist du bei uns genau richtig!\nUnsere Kinderfeuerwehr bietet M\u00e4dchen und Jungen ab 6 Jahren\ndie M\u00f6glichkeit, spielerisch die spannende Welt der Feuerwehr zu entdecken.&nbsp;<br>\n          <br>Bei uns lernst du wie man richtig mit Wasser umgeht, wozu\nFeuerwehrfahrzeuge und Ger\u00e4te gebraucht werden, wie Feuerwehrleute helfen, wenn\nes brennt oder jemand in Not ist und nat\u00fcrlich wie wichtig Teamarbeit und\nFreundschaft sind.\nSpiel und Spa\u00df stehen bei uns im Vordergrund. Ob beim\nBasteln, kleinen \u00dcbungen oder Ausfl\u00fcgen zur echten Feuerwehr.&nbsp;<br>\n          <br>\n        <\/p>\n      <\/div>\n    <\/section>\n    \n    \n    \n  \n","protected":false},"excerpt":{"rendered":"<p>Kinderfeuerwehr Du willst dabei sein?&nbsp; Dann komm zur Kinderfeuerwehr Harmstorf. Beitrittsalter: 6 Jahre&nbsp;Ort: Feuerwehr Harmstorf&nbsp; Kontakt: Waltraud Sojka Du bist neugierig, mutig und m\u00f6chtest lernen, wie Feuerwehrleute arbeiten? Dann bist du bei uns genau richtig! Unsere Kinderfeuerwehr bietet M\u00e4dchen und Jungen ab 6 Jahren die M\u00f6glichkeit, spielerisch die spannende Welt der Feuerwehr zu entdecken.&nbsp; Bei &hellip; <a href=\"https:\/\/feuerwehr-harmstorf.de\/?page_id=125\" class=\"more-link\">Continue reading<span class=\"screen-reader-text\"> &#8222;Kinderfeuerwehr&#8220;<\/span><\/a><\/p>\n","protected":false},"author":1,"featured_media":0,"parent":0,"menu_order":0,"comment_status":"closed","ping_status":"closed","template":"","meta":{"footnotes":""},"class_list":["post-125","page","type-page","status-publish","hentry"],"_links":{"self":[{"href":"https:\/\/feuerwehr-harmstorf.de\/index.php?rest_route=\/wp\/v2\/pages\/125","targetHints":{"allow":["GET"]}}],"collection":[{"href":"https:\/\/feuerwehr-harmstorf.de\/index.php?rest_route=\/wp\/v2\/pages"}],"about":[{"href":"https:\/\/feuerwehr-harmstorf.de\/index.php?rest_route=\/wp\/v2\/types\/page"}],"author":[{"embeddable":true,"href":"https:\/\/feuerwehr-harmstorf.de\/index.php?rest_route=\/wp\/v2\/users\/1"}],"replies":[{"embeddable":true,"href":"https:\/\/feuerwehr-harmstorf.de\/index.php?rest_route=%2Fwp%2Fv2%2Fcomments&post=125"}],"version-history":[{"count":2,"href":"https:\/\/feuerwehr-harmstorf.de\/index.php?rest_route=\/wp\/v2\/pages\/125\/revisions"}],"predecessor-version":[{"id":140,"href":"https:\/\/feuerwehr-harmstorf.de\/index.php?rest_route=\/wp\/v2\/pages\/125\/revisions\/140"}],"wp:attachment":[{"href":"https:\/\/feuerwehr-harmstorf.de\/index.php?rest_route=%2Fwp%2Fv2%2Fmedia&parent=125"}],"curies":[{"name":"wp","href":"https:\/\/api.w.org\/{rel}","templated":true}]}}