{"id":141,"date":"2026-03-02T22:49:14","date_gmt":"2026-03-02T22:49:14","guid":{"rendered":"https:\/\/feuerwehr-harmstorf.de\/?page_id=141"},"modified":"2026-03-02T22:49:14","modified_gmt":"2026-03-02T22:49:14","slug":"ueber-uns","status":"publish","type":"page","link":"https:\/\/feuerwehr-harmstorf.de\/?page_id=141","title":{"rendered":"\u00dcber uns"},"content":{"rendered":"\n  \n    \n    <section class=\"u-clearfix u-section-2\" id=\"block-1\">\n      <div class=\"u-clearfix u-sheet u-sheet-1\">\n        <h1 class=\"u-text u-text-default u-text-1\">\u00dcber uns<\/h1>\n        <p class=\"u-text u-text-default u-text-2\"> Als Ortsfeuerwehr Harmstorf blicken wir auf eine langj\u00e4hrige\nVergangenheit als Mitglied der Feuerwehren der Samtgemeinde Jesteburg zur\u00fcck.\nWir bilden mit rund 35 aktiven Mitgliedern der Ortswehr\nHarmstorf eine starke Gemeinschaft in der Gemeinde. Die aktuelle Ortsf\u00fchrung\nobliegt Christian Albers und seinem Stellvertreter Stefan Menke.\nErstmals erw\u00e4hnt wurde unsere Feuerwehr im Jahre 1881.\nAusger\u00fcckt wurde damals noch mit dem Pferdegespann.&nbsp;<br>\n          <br>Seit 1974 gibt es in Harmstorf auch eine Jugendfeuerwehr,\ndie heute unter der Leitung von Sascha Kirstein und seinem Vertreter Doan Vu\nsteht. Die Jugendlichen zwischen 10 und 18 Jahren werden spielerisch und mit\ngro\u00dfer Leidenschaft f\u00fcr Details auf die M\u00f6glichkeit in die aktive\nEinsatzabteilung einzutreten vorbereitet.\nZwei Jahr sp\u00e4ter ist die Freiwillige Feuerwehr des Ortes dem\nKatastrophenschutz beigetreten.&nbsp;<br>\n          <br>Anfang 2016 haben die Harmstorfer Brandsch\u00fctzer die erste\nKinderfeuerwehr in der Samtgemeinde gegr\u00fcndet, die heute schon die j\u00fcngsten\nMitb\u00fcrger im Dorf mit Spiel und Spa\u00df an die Feuerwehrarbeit heranf\u00fchrt.\nRetten, l\u00f6schen, bergen, sch\u00fctzen - das sind die klassischen\nAufgaben der Feuerwehr. Um dies f\u00fcr dich gew\u00e4hrleisten zu k\u00f6nnen, finden im\nGer\u00e4tehaus in der Harmstorfer Schulstra\u00dfe regelm\u00e4\u00dfig \u00dcbungsdienste statt. Neben\nder Brandbek\u00e4mpfung geh\u00f6ren u. a. auch technische Hilfeleistung und\nGefahrgut-Eins\u00e4tze zu den Aufgaben.\n\u00dcber diese Aufgaben hinaus richtet die Feuerwehr das\nj\u00e4hrliche Osterfeuer aus, gestaltet den Weihnachtsmarkt mit, organisiert in\nZusammenarbeit mit anderen Vereinen einen Laternenumzug und und und\u2026 \n        <\/p>\n        <p class=\"u-text u-text-default u-text-3\"><span class=\"u-text-palette-2-base\"><span style=\"font-size: 2.25rem;\">Neugierig geworden, Lust mitzumachen oder Fragen?&nbsp;<\/span><\/span>\n          <br>Wende dich gerne telefonisch f\u00fcr die aktive Feuerwehr an\nChristian Albers 0160 5516544 und f\u00fcr die&nbsp;<br>Jugendfeuerwehr an Sascha Kirstein\n0176 72548786&nbsp;<br>oder komm einfach an einem 1. Montag im Monat um 19 Uhr im\nFeuerwehrger\u00e4tehaus in der Schulstra\u00dfe 1 vorbei. \n        <\/p>\n      <\/div>\n    <\/section>\n    \n    \n    \n  \n","protected":false},"excerpt":{"rendered":"<p>\u00dcber uns Als Ortsfeuerwehr Harmstorf blicken wir auf eine langj\u00e4hrige Vergangenheit als Mitglied der Feuerwehren der Samtgemeinde Jesteburg zur\u00fcck. Wir bilden mit rund 35 aktiven Mitgliedern der Ortswehr Harmstorf eine starke Gemeinschaft in der Gemeinde. Die aktuelle Ortsf\u00fchrung obliegt Christian Albers und seinem Stellvertreter Stefan Menke. Erstmals erw\u00e4hnt wurde unsere Feuerwehr im Jahre 1881. Ausger\u00fcckt &hellip; <a href=\"https:\/\/feuerwehr-harmstorf.de\/?page_id=141\" class=\"more-link\">Continue reading<span class=\"screen-reader-text\"> &#8222;\u00dcber uns&#8220;<\/span><\/a><\/p>\n","protected":false},"author":1,"featured_media":0,"parent":0,"menu_order":0,"comment_status":"closed","ping_status":"closed","template":"","meta":{"footnotes":""},"class_list":["post-141","page","type-page","status-publish","hentry"],"_links":{"self":[{"href":"https:\/\/feuerwehr-harmstorf.de\/index.php?rest_route=\/wp\/v2\/pages\/141","targetHints":{"allow":["GET"]}}],"collection":[{"href":"https:\/\/feuerwehr-harmstorf.de\/index.php?rest_route=\/wp\/v2\/pages"}],"about":[{"href":"https:\/\/feuerwehr-harmstorf.de\/index.php?rest_route=\/wp\/v2\/types\/page"}],"author":[{"embeddable":true,"href":"https:\/\/feuerwehr-harmstorf.de\/index.php?rest_route=\/wp\/v2\/users\/1"}],"replies":[{"embeddable":true,"href":"https:\/\/feuerwehr-harmstorf.de\/index.php?rest_route=%2Fwp%2Fv2%2Fcomments&post=141"}],"version-history":[{"count":4,"href":"https:\/\/feuerwehr-harmstorf.de\/index.php?rest_route=\/wp\/v2\/pages\/141\/revisions"}],"predecessor-version":[{"id":154,"href":"https:\/\/feuerwehr-harmstorf.de\/index.php?rest_route=\/wp\/v2\/pages\/141\/revisions\/154"}],"wp:attachment":[{"href":"https:\/\/feuerwehr-harmstorf.de\/index.php?rest_route=%2Fwp%2Fv2%2Fmedia&parent=141"}],"curies":[{"name":"wp","href":"https:\/\/api.w.org\/{rel}","templated":true}]}}