{"id":64,"date":"2025-07-26T11:31:57","date_gmt":"2025-07-26T11:31:57","guid":{"rendered":"https:\/\/feuerwehr-harmstorf.de\/?page_id=64"},"modified":"2026-04-14T19:40:12","modified_gmt":"2026-04-14T19:40:12","slug":"impressum","status":"publish","type":"page","link":"https:\/\/feuerwehr-harmstorf.de\/?page_id=64","title":{"rendered":"Impressum"},"content":{"rendered":"\n  \n    \n    <section class=\"u-align-center u-clearfix u-container-align-center u-section-2\" id=\"sec-da4c\">\n      <div class=\"u-clearfix u-sheet u-valign-middle u-sheet-1\">\n        <div class=\"data-layout-selected u-clearfix u-expanded-width u-layout-wrap u-layout-wrap-1\">\n          <div class=\"u-gutter-0 u-layout\">\n            <div class=\"u-layout-col\">\n              <div class=\"u-size-30\">\n                <div class=\"u-layout-row\">\n                  <div class=\"u-align-left u-container-align-left u-container-style u-layout-cell u-size-30 u-layout-cell-1\">\n                    <div class=\"u-container-layout u-container-layout-1\">\n                      <h1 class=\"u-text u-text-1\"> Impressum<\/h1>\n                      <div class=\"fr-view u-clearfix u-rich-text u-text u-text-2\">\n                        <p style=\"line-height: 1.4;\">Samtgemeinde Jesteburg<br id=\"isPasted\">Niedersachsenplatz 5<br>21266 Jesteburg<br>Telefon: 04183 97470<br>Telefax: 04183 974729<br>E-Mail: rathaus-jesteburg@lkharburg.de<br>Internet:&nbsp;www.jesteburg.de<br>\n                          <br>Die Samtgemeinde Jesteburg ist eine K\u00f6rperschaft des \u00f6ffentlichen Rechts.Sie wird vertreten durch die Samtgemeindeb\u00fcrgermeisterin Claudia Schoultz von Ascheraden.\n                        <\/p>\n                        <h6>\n                          <br>Inhaltlich Verantwortlicher gem\u00e4\u00df \u00a7 55 Abs. 2 RStV \/ \u00a7 5 Telemediengesetz:\n                        <\/h6>\n                        <p>Claudia Schoultz von Ascheraden<br>Telefon: 04183 9747-55<br>Fax: 04183 9747-29<br>E-Mail: presse-jesteburg@lkharburg.de\n                        <\/p>\n                      <\/div>\n                    <\/div>\n                  <\/div>\n                  <div class=\"u-align-left u-container-align-left u-container-style u-layout-cell u-size-30 u-layout-cell-2\">\n                    <div class=\"u-container-layout u-container-layout-2\">\n                      <img decoding=\"async\" class=\"u-hover-feature u-image u-image-default u-image-1\" src=\"https:\/\/feuerwehr-harmstorf.de\/wp-content\/uploads\/2025\/07\/Wappen_Harmstorf.png\" alt=\"\" data-image-width=\"1200\" data-image-height=\"1742\">\n                    <\/div>\n                  <\/div>\n                <\/div>\n              <\/div>\n              <div class=\"u-size-30\">\n                <div class=\"u-layout-row\">\n                  <div class=\"u-container-style u-layout-cell u-size-60 u-layout-cell-3\">\n                    <div class=\"u-container-layout u-container-layout-3\">\n                      <div class=\"fr-view u-clearfix u-rich-text u-text u-text-3\">\n                        <p><span class=\"u-text-palette-1-base\" style=\"font-weight: 700;\">Streitschlichtung<br><\/span>Wir sind nicht bereit oder verpflichtet, an Streitbeilegungsverfahren vor einer Verbraucherschlichtungsstelle teilzunehmen.&nbsp; \n                        <\/p>\n                        <p><span class=\"u-text-palette-1-base\" style=\"font-weight: 700;\">Haftung f\u00fcr Inhalte<br><\/span>Als Diensteanbieter sind wir gem\u00e4\u00df \u00a7 7 Abs.1 TMG f\u00fcr eigene Inhalte auf diesen Seiten nach den allgemeinen Gesetzen verantwortlich. Nach \u00a7\u00a7 8 bis 10 TMG sind wir als Diensteanbieter jedoch nicht verpflichtet, \u00fcbermittelte oder gespeicherte fremde Informationen zu \u00fcberwachen oder nach Umst\u00e4nden zu forschen, die auf eine rechtswidrige T\u00e4tigkeit hinweisen. Verpflichtungen zur Entfernung oder Sperrung der Nutzung von Informationen nach den allgemeinen Gesetzen bleiben hiervon unber\u00fchrt. Eine diesbez\u00fcgliche Haftung ist jedoch erst ab dem Zeitpunkt der Kenntnis einer konkreten Rechtsverletzung m\u00f6glich. Bei Bekanntwerden von entsprechenden Rechtsverletzungen werden wir diese Inhalte umgehend entfernen.&nbsp; \n                        <\/p>\n                        <p><span class=\"u-text-palette-1-base\" style=\"font-weight: 700;\">Haftung f\u00fcr Links<br><\/span>Unser Angebot enth\u00e4lt Links zu externen Websites Dritter, auf deren Inhalte wir keinen Einfluss haben. Deshalb k\u00f6nnen wir f\u00fcr diese fremden Inhalte auch keine Gew\u00e4hr \u00fcbernehmen. F\u00fcr die Inhalte der verlinkten Seiten ist stets der jeweilige Anbieter oder Betreiber der Seiten verantwortlich. Die verlinkten Seiten wurden zum Zeitpunkt der Verlinkung auf m\u00f6gliche Rechtsverst\u00f6\u00dfe \u00fcberpr\u00fcft. Rechtswidrige Inhalte waren zum Zeitpunkt der Verlinkung nicht erkennbar. Eine permanente inhaltliche Kontrolle der verlinkten Seiten ist jedoch ohne konkrete Anhaltspunkte einer Rechtsverletzung nicht zumutbar. Bei Bekanntwerden von Rechtsverletzungen werden wir derartige Links umgehend entfernen.&nbsp; \n                        <\/p>\n                        <p><span class=\"u-text-palette-1-base\" style=\"font-weight: 700;\">Urheberrecht<\/span>\n                          <br>Die durch die Seitenbetreiber erstellten Inhalte und Werke auf diesen Seiten unterliegen dem deutschen Urheberrecht. Die Vervielf\u00e4ltigung, Bearbeitung, Verbreitung und jede Art der Verwertung au\u00dferhalb der Grenzen des Urheberrechtes bed\u00fcrfen der schriftlichenZustimmung des jeweiligen Autors bzw. Erstellers. Downloads und Kopien dieser Seite sind nur f\u00fcr den privaten, nicht kommerziellen Gebrauch gestattet. Soweit die Inhalte auf dieser Seite nicht vom Betreiber erstellt wurden, werden die Urheberrechte Dritterbeachtet. Insbesondere werden Inhalte Dritter als solche gekennzeichnet. Sollten Sie trotzdem auf eine Urheberrechtsverletzung aufmerksam werden, bitten wir um einen entsprechenden Hinweis. Bei Bekanntwerden von Rechtsverletzungen werden wir derartige Inhalte umgehend entfernen. \n                        <\/p>\n                        <p>(sgj\/sd)<\/p>\n                      <\/div>\n                    <\/div>\n                  <\/div>\n                <\/div>\n              <\/div>\n            <\/div>\n          <\/div>\n        <\/div>\n      <\/div>\n      \n    <\/section>\n    \n    \n    \n    \n  \n","protected":false},"excerpt":{"rendered":"<p>Impressum Samtgemeinde JesteburgNiedersachsenplatz 521266 JesteburgTelefon: 04183 97470Telefax: 04183 974729E-Mail: rathaus-jesteburg@lkharburg.deInternet:&nbsp;www.jesteburg.de Die Samtgemeinde Jesteburg ist eine K\u00f6rperschaft des \u00f6ffentlichen Rechts.Sie wird vertreten durch die Samtgemeindeb\u00fcrgermeisterin Claudia Schoultz von Ascheraden. Inhaltlich Verantwortlicher gem\u00e4\u00df \u00a7 55 Abs. 2 RStV \/ \u00a7 5 Telemediengesetz: Claudia Schoultz von AscheradenTelefon: 04183 9747-55Fax: 04183 9747-29E-Mail: presse-jesteburg@lkharburg.de StreitschlichtungWir sind nicht bereit oder verpflichtet, &hellip; <a href=\"https:\/\/feuerwehr-harmstorf.de\/?page_id=64\" class=\"more-link\">Continue reading<span class=\"screen-reader-text\"> &#8222;Impressum&#8220;<\/span><\/a><\/p>\n","protected":false},"author":1,"featured_media":0,"parent":0,"menu_order":1,"comment_status":"closed","ping_status":"closed","template":"","meta":{"footnotes":""},"class_list":["post-64","page","type-page","status-publish","hentry"],"_links":{"self":[{"href":"https:\/\/feuerwehr-harmstorf.de\/index.php?rest_route=\/wp\/v2\/pages\/64","targetHints":{"allow":["GET"]}}],"collection":[{"href":"https:\/\/feuerwehr-harmstorf.de\/index.php?rest_route=\/wp\/v2\/pages"}],"about":[{"href":"https:\/\/feuerwehr-harmstorf.de\/index.php?rest_route=\/wp\/v2\/types\/page"}],"author":[{"embeddable":true,"href":"https:\/\/feuerwehr-harmstorf.de\/index.php?rest_route=\/wp\/v2\/users\/1"}],"replies":[{"embeddable":true,"href":"https:\/\/feuerwehr-harmstorf.de\/index.php?rest_route=%2Fwp%2Fv2%2Fcomments&post=64"}],"version-history":[{"count":3,"href":"https:\/\/feuerwehr-harmstorf.de\/index.php?rest_route=\/wp\/v2\/pages\/64\/revisions"}],"predecessor-version":[{"id":206,"href":"https:\/\/feuerwehr-harmstorf.de\/index.php?rest_route=\/wp\/v2\/pages\/64\/revisions\/206"}],"wp:attachment":[{"href":"https:\/\/feuerwehr-harmstorf.de\/index.php?rest_route=%2Fwp%2Fv2%2Fmedia&parent=64"}],"curies":[{"name":"wp","href":"https:\/\/api.w.org\/{rel}","templated":true}]}}