{"id":66,"date":"2025-07-26T11:31:59","date_gmt":"2025-07-26T11:31:59","guid":{"rendered":"https:\/\/feuerwehr-harmstorf.de\/?page_id=66"},"modified":"2026-04-13T10:52:53","modified_gmt":"2026-04-13T10:52:53","slug":"start","status":"publish","type":"page","link":"https:\/\/feuerwehr-harmstorf.de\/","title":{"rendered":"Start"},"content":{"rendered":"\n  \n    \n    <section class=\"u-carousel u-carousel-duration-2750 u-carousel-fade u-slide u-block-d215-1\" id=\"carousel-df0e\" data-interval=\"5000\" data-u-ride=\"carousel\" data-pause=\"false\">\n      <ol class=\"u-absolute-hcenter u-carousel-indicators u-hidden u-block-d215-2\">\n        <li data-u-target=\"#carousel-df0e\" class=\"u-active u-grey-30\" data-u-slide-to=\"0\"><\/li>\n        <li data-u-target=\"#carousel-df0e\" class=\"u-grey-30\" data-u-slide-to=\"1\"><\/li>\n      <\/ol>\n      <div class=\"u-carousel-inner\" role=\"listbox\">\n        <div class=\"u-active u-carousel-item u-clearfix u-container-align-center u-image u-section-2-1\" data-image-width=\"2560\" data-image-height=\"1093\" style=\"background-image: url(&quot;https:\/\/feuerwehr-harmstorf.de\/wp-content\/uploads\/2026\/02\/header_ff_harmstorf.jpg&quot;);\">\n          <div class=\"u-clearfix u-sheet u-sheet-1\"><\/div>\n        <\/div>\n        <div class=\"u-carousel-item u-clearfix u-container-align-center u-image u-section-2-2\" data-image-width=\"2560\" data-image-height=\"1093\" style=\"background-image: url(&quot;https:\/\/feuerwehr-harmstorf.de\/wp-content\/uploads\/2026\/02\/header_ff_harmstorf_2.jpg&quot;);\">\n          <div class=\"u-clearfix u-sheet u-sheet-1\"><\/div>\n        <\/div>\n      <\/div>\n      <a class=\"u-absolute-vcenter u-carousel-control u-carousel-control-prev u-hidden u-text-grey-30 u-block-d215-3\" href=\"#carousel-df0e\" role=\"button\" data-u-slide=\"prev\"><span aria-hidden=\"true\">\n          <svg class=\"u-svg-link\" viewBox=\"0 0 477.175 477.175\"><path d=\"M145.188,238.575l215.5-215.5c5.3-5.3,5.3-13.8,0-19.1s-13.8-5.3-19.1,0l-225.1,225.1c-5.3,5.3-5.3,13.8,0,19.1l225.1,225\n                    c2.6,2.6,6.1,4,9.5,4s6.9-1.3,9.5-4c5.3-5.3,5.3-13.8,0-19.1L145.188,238.575z\"><\/path><\/svg><\/span><span class=\"sr-only\">Previous<\/span>\n      <\/a>\n      <a class=\"u-absolute-vcenter u-carousel-control u-carousel-control-next u-hidden u-text-grey-30 u-block-d215-4\" href=\"#carousel-df0e\" role=\"button\" data-u-slide=\"next\"><span aria-hidden=\"true\">\n          <svg class=\"u-svg-link\" viewBox=\"0 0 477.175 477.175\"><path d=\"M360.731,229.075l-225.1-225.1c-5.3-5.3-13.8-5.3-19.1,0s-5.3,13.8,0,19.1l215.5,215.5l-215.5,215.5\n                    c-5.3,5.3-5.3,13.8,0,19.1c2.6,2.6,6.1,4,9.5,4c3.4,0,6.9-1.3,9.5-4l225.1-225.1C365.931,242.875,365.931,234.275,360.731,229.075z\"><\/path><\/svg><\/span><span class=\"sr-only\">Weiter<\/span>\n      <\/a>\n    <\/section>\n    <section class=\"u-clearfix u-valign-bottom-sm u-valign-bottom-xs u-section-3\" id=\"sec-47d1\">\n      <div class=\"u-clearfix u-sheet u-sheet-1\">\n        <p class=\"u-custom-font u-text u-text-1\"><span class=\"u-file-icon u-icon u-text-palette-2-dark-1 u-icon-1\"><img decoding=\"async\" src=\"https:\/\/feuerwehr-harmstorf.de\/wp-content\/uploads\/2025\/07\/2ab7c83e.png\" alt=\"\"><\/span>&nbsp;\u200b Brandschutz &amp; Hilfeleistung \n        <\/p>\n        <h1 class=\"u-custom-font u-text u-text-palette-2-base u-text-2\"> Feuerwehr Harmstorf<\/h1>\n        <img decoding=\"async\" class=\"custom-expanded u-image u-image-default u-image-1\" src=\"https:\/\/feuerwehr-harmstorf.de\/wp-content\/uploads\/2026\/03\/einsatzfoto_start.jpg\" alt=\"\" data-image-width=\"1000\" data-image-height=\"1500\">\n        <img decoding=\"async\" class=\"custom-expanded u-image u-image-default u-image-2\" src=\"https:\/\/feuerwehr-harmstorf.de\/wp-content\/uploads\/2025\/07\/be158c5da68e59d414ced6678c394a1631ff0d9d1267114b07f850aefab83339a1408ed8f28b877b9b1d2debc564839558860a0b2ffd4870fc7cfd_1280.jpg\" alt=\"\" data-image-width=\"1280\" data-image-height=\"854\">\n        <p class=\"u-custom-font u-text u-text-3\"> Als Ortsfeuerwehr Harmstorf blicken wir auf eine langj\u00e4hrige\nVergangenheit als Mitglied der Feuerwehren der Samtgemeinde Jesteburg zur\u00fcck.\nWir bilden mit rund 35 aktiven Mitgliedern der Ortswehr\nHarmstorf eine starke Gemeinschaft in der Gemeinde Harmstorf.\nErstmals erw\u00e4hnt wurde unsere Feuerwehr im Jahre 1881.\nAusger\u00fcckt wurde damals noch mit dem Pferdegespann.&nbsp;<br>\n          <br>\n          <br>Seit 1974 gibt es in Harmstorf auch eine Jugendfeuerwehr,\nsowie seit 2016 die erste gegr\u00fcndete Kinderfeuerwehr der Samtgemeinde\nJesteburg.\nRetten, l\u00f6schen, bergen, sch\u00fctzen - das sind die klassischen\nAufgaben der Feuerwehr. Um dies f\u00fcr dich gew\u00e4hrleisten zu k\u00f6nnen, finden im\nGer\u00e4tehaus in der Harmstorfer Schulstra\u00dfe regelm\u00e4\u00dfig \u00dcbungsdienste statt. Neben\nder Brandbek\u00e4mpfung geh\u00f6ren u. a. auch technische Hilfeleistung und Gefahrgut-Eins\u00e4tze\nzu den Aufgaben.\n\u00dcber diese Aufgaben hinaus richtet die Feuerwehr das\nj\u00e4hrliche Osterfeuer aus, gestaltet den Weihnachtsmarkt mit, organisiert in\nZusammenarbeit mit anderen Vereinen einen Laternenumzug und und und\u2026\n        <\/p>\n      <\/div>\n    <\/section>\n    <section class=\"skrollable u-clearfix u-image u-section-4\" id=\"sec-c5ee\" data-image-width=\"3110\" data-image-height=\"2386\" style=\"background-image: url(&quot;https:\/\/feuerwehr-harmstorf.de\/wp-content\/uploads\/2025\/07\/background_feuerwehrgeraete.jpg&quot;);\">\n      <div class=\"u-clearfix u-sheet u-sheet-1\">\n        <h3 class=\"u-custom-font u-font-oswald u-text u-text-default u-text-white u-text-1\">Aktuelle Berichte<\/h3>\n        <div class=\"u-clearfix u-group-elements u-group-elements-1\">\n          <div class=\"u-align-left u-border-3 u-border-white u-line u-line-horizontal u-line-1\"><\/div>\n          <div class=\"u-border-3 u-border-white u-line u-line-horizontal u-line-2\"><\/div><span class=\"u-file-icon u-icon u-icon-circle u-palette-1-base u-text-white u-icon-1\"><img decoding=\"async\" src=\"https:\/\/feuerwehr-harmstorf.de\/wp-content\/uploads\/2025\/07\/ad75baf7.png\" alt=\"\"><\/span>\n        <\/div>\n        <div class=\"u-blog u-container-style u-expanded-width u-blog-1\" data-site-sorting-prop=\"created\" data-site-sorting-order=\"desc\">\n          <div class=\"u-list-control\"><\/div>\n          <div class=\"u-repeater u-repeater-1\">\n          <\/div>\n          <div class=\"u-list-control\"><\/div>\n        <\/div>\n      <\/div>\n    <\/section>\n    <section class=\"u-align-center u-clearfix u-container-align-center u-section-5\" id=\"sec-bcf5\">\n      \n      \n      \n      \n      <div class=\"u-clearfix u-sheet u-sheet-1\">\n        <div class=\"custom-expanded u-list u-list-1\">\n          <div class=\"u-repeater u-repeater-1\">\n            <div class=\"u-container-style u-list-item u-repeater-item\">\n              <div class=\"u-container-layout u-similar-container u-container-layout-1\"><span class=\"u-file-icon u-hover-feature u-icon u-icon-circle u-palette-1-base u-icon-1\"><img decoding=\"async\" src=\"https:\/\/feuerwehr-harmstorf.de\/wp-content\/uploads\/2025\/07\/d6f825d5.png\" alt=\"\"><\/span>\n                <div class=\"u-container-style u-group u-group-1\">\n                  <div class=\"u-container-layout u-valign-top u-container-layout-2\">\n                    <h5 class=\"u-text u-text-1\">Einsatzdienst<\/h5>\n                    <p class=\"u-text u-text-2\"> Der Einsatzdienst in der Feuerwehr ist die Kernfunktion, die uns in Notf\u00e4llen zur Seite steht. Feuerwehrleute sind rund um die Uhr bereit, Br\u00e4nde zu l\u00f6schen, technische Hilfe zu leisten und Leben zu retten.&nbsp;<\/p>\n                  <\/div>\n                <\/div>\n              <\/div>\n            <\/div>\n            <div class=\"u-container-style u-list-item u-repeater-item\">\n              <div class=\"u-container-layout u-similar-container u-container-layout-3\"><span class=\"u-file-icon u-hover-feature u-icon u-icon-circle u-palette-1-base u-icon-2\"><img decoding=\"async\" src=\"https:\/\/feuerwehr-harmstorf.de\/wp-content\/uploads\/2025\/07\/f201958a.png\" alt=\"\"><\/span>\n                <div class=\"u-container-style u-group u-video-cover u-group-2\">\n                  <div class=\"u-container-layout u-valign-top u-container-layout-4\">\n                    <h5 class=\"u-text u-text-default u-text-3\">Ausbildungsdienst<\/h5>\n                    <p class=\"u-text u-text-default u-text-4\"> Das R\u00fcckgrat der Feuerwehr. Hier werden die F\u00e4higkeiten und Kenntnisse der Feuerwehrleute st\u00e4ndig verbessert und erweitert. Dies beinhaltet \u00dcbungen in der Brandbek\u00e4mpfung, technischen Rettung und Erste Hilfe.<\/p>\n                  <\/div>\n                <\/div>\n              <\/div>\n            <\/div>\n            <div class=\"u-container-style u-list-item u-repeater-item\">\n              <div class=\"u-container-layout u-similar-container u-container-layout-5\"><span class=\"u-file-icon u-hover-feature u-icon u-icon-circle u-palette-1-base u-icon-3\"><img decoding=\"async\" src=\"https:\/\/feuerwehr-harmstorf.de\/wp-content\/uploads\/2025\/07\/66cf210b.png\" alt=\"\"><\/span>\n                <div class=\"u-container-style u-group u-video-cover u-group-3\">\n                  <div class=\"u-container-layout u-valign-top u-container-layout-6\">\n                    <h5 class=\"u-text u-text-default u-text-5\">Brandschutzerziehung<\/h5>\n                    <p class=\"u-text u-text-default u-text-6\"> Ein wichtiger Teil der Feuerwehrarbeit, bei der Kinder und Erwachsene dar\u00fcber aufgekl\u00e4rt werden, wie sie Br\u00e4nde verhindern und im Notfall reagieren k\u00f6nnen.<\/p>\n                  <\/div>\n                <\/div>\n              <\/div>\n            <\/div>\n            <div class=\"u-container-style u-list-item u-repeater-item\">\n              <div class=\"u-container-layout u-similar-container u-container-layout-7\"><span class=\"u-file-icon u-hover-feature u-icon u-icon-circle u-palette-1-base u-icon-4\"><img decoding=\"async\" src=\"https:\/\/feuerwehr-harmstorf.de\/wp-content\/uploads\/2025\/07\/b3b9256d.png\" alt=\"\"><\/span>\n                <div class=\"u-container-style u-group u-video-cover u-group-4\">\n                  <div class=\"u-container-layout u-valign-top u-container-layout-8\">\n                    <h5 class=\"u-text u-text-default u-text-7\">Kinder &amp; Jugendfeuerwehr<\/h5>\n                    <p class=\"u-text u-text-default u-text-8\"> In diesen Gruppen lernen Kinder und Jugendliche Teamarbeit, Verantwortung und die Grundlagen der Feuerwehr. Dies dient nicht nur der Nachwuchsgewinnung, sondern f\u00f6rdert auch soziale Kompetenzen und das Verantwortungsbewusstsein bei jungen Menschen.<\/p>\n                  <\/div>\n                <\/div>\n              <\/div>\n            <\/div>\n          <\/div>\n        <\/div>\n      <\/div>\n    <\/section>\n    \n    \n    \n    \n    \n  \n","protected":false},"excerpt":{"rendered":"<p>Previous Weiter &nbsp;\u200b Brandschutz &amp; Hilfeleistung Feuerwehr Harmstorf Als Ortsfeuerwehr Harmstorf blicken wir auf eine langj\u00e4hrige Vergangenheit als Mitglied der Feuerwehren der Samtgemeinde Jesteburg zur\u00fcck. Wir bilden mit rund 35 aktiven Mitgliedern der Ortswehr Harmstorf eine starke Gemeinschaft in der Gemeinde Harmstorf. Erstmals erw\u00e4hnt wurde unsere Feuerwehr im Jahre 1881. Ausger\u00fcckt wurde damals noch mit &hellip; <a href=\"https:\/\/feuerwehr-harmstorf.de\/\" class=\"more-link\">Continue reading<span class=\"screen-reader-text\"> &#8222;Start&#8220;<\/span><\/a><\/p>\n","protected":false},"author":1,"featured_media":0,"parent":0,"menu_order":3,"comment_status":"closed","ping_status":"closed","template":"","meta":{"footnotes":""},"class_list":["post-66","page","type-page","status-publish","hentry"],"_links":{"self":[{"href":"https:\/\/feuerwehr-harmstorf.de\/index.php?rest_route=\/wp\/v2\/pages\/66","targetHints":{"allow":["GET"]}}],"collection":[{"href":"https:\/\/feuerwehr-harmstorf.de\/index.php?rest_route=\/wp\/v2\/pages"}],"about":[{"href":"https:\/\/feuerwehr-harmstorf.de\/index.php?rest_route=\/wp\/v2\/types\/page"}],"author":[{"embeddable":true,"href":"https:\/\/feuerwehr-harmstorf.de\/index.php?rest_route=\/wp\/v2\/users\/1"}],"replies":[{"embeddable":true,"href":"https:\/\/feuerwehr-harmstorf.de\/index.php?rest_route=%2Fwp%2Fv2%2Fcomments&post=66"}],"version-history":[{"count":4,"href":"https:\/\/feuerwehr-harmstorf.de\/index.php?rest_route=\/wp\/v2\/pages\/66\/revisions"}],"predecessor-version":[{"id":186,"href":"https:\/\/feuerwehr-harmstorf.de\/index.php?rest_route=\/wp\/v2\/pages\/66\/revisions\/186"}],"wp:attachment":[{"href":"https:\/\/feuerwehr-harmstorf.de\/index.php?rest_route=%2Fwp%2Fv2%2Fmedia&parent=66"}],"curies":[{"name":"wp","href":"https:\/\/api.w.org\/{rel}","templated":true}]}}