{"id":69,"date":"2025-07-26T11:32:02","date_gmt":"2025-07-26T11:32:02","guid":{"rendered":"https:\/\/feuerwehr-harmstorf.de\/?page_id=69"},"modified":"2026-02-21T16:11:05","modified_gmt":"2026-02-21T16:11:05","slug":"kommando","status":"publish","type":"page","link":"https:\/\/feuerwehr-harmstorf.de\/?page_id=69","title":{"rendered":"Kommando"},"content":{"rendered":"\n  \n    \n    <section class=\"u-align-center u-clearfix u-container-align-center u-section-2\" id=\"sec-4eae\">\n      <div class=\"u-clearfix u-sheet u-valign-middle u-sheet-1\">\n        <h2 class=\"u-text u-text-default u-text-palette-2-base u-text-1\"> Das Kommando<\/h2>\n        <h3 class=\"u-custom-font u-text u-text-palette-2-base u-text-2\">Ortsbrandmeister<\/h3>\n        <div class=\"u-list u-list-1\">\n          <div class=\"u-repeater u-repeater-1\">\n            <div class=\"u-align-center u-container-align-center u-container-style u-list-item u-repeater-item\">\n              <div class=\"u-container-layout u-similar-container u-container-layout-1\">\n                <img decoding=\"async\" alt=\"\" class=\"u-expanded-width u-image u-image-default u-image-1\" data-image-width=\"1034\" data-image-height=\"1551\" src=\"https:\/\/feuerwehr-harmstorf.de\/wp-content\/uploads\/2025\/07\/christian_albers.jpg\">\n                <h5 class=\"u-text u-text-3\">Christian Albers<\/h5>\n                <p class=\"u-text u-text-4\">Ortsbrandmeister<\/p>\n              <\/div>\n            <\/div>\n            <div class=\"u-align-center u-container-align-center u-container-style u-list-item u-repeater-item\">\n              <div class=\"u-container-layout u-similar-container u-container-layout-2\">\n                <img decoding=\"async\" alt=\"\" class=\"u-expanded-width u-image u-image-default u-image-2\" data-image-width=\"150\" data-image-height=\"150\" src=\"https:\/\/feuerwehr-harmstorf.de\/wp-content\/uploads\/2025\/07\/man.svg\">\n                <h5 class=\"u-text u-text-5\">Konrad Krebs<\/h5>\n                <p class=\"u-text u-text-6\">stellv. Ortsbrandmeister<\/p>\n              <\/div>\n            <\/div>\n          <\/div>\n        <\/div>\n      <\/div>\n    <\/section>\n    <section class=\"u-clearfix u-grey-5 u-section-3\" id=\"carousel_77e2\">\n      <div class=\"u-clearfix u-sheet u-valign-middle-lg u-valign-middle-md u-valign-middle-sm u-valign-middle-xs u-sheet-1\">\n        <h3 class=\"u-align-center u-custom-font u-text u-text-palette-2-base u-text-1\">Funktionstr\u00e4gerin &amp;&nbsp;Funktionstr\u00e4ger<\/h3>\n        <div class=\"u-expanded-width u-list u-list-1\">\n          <div class=\"u-repeater u-repeater-1\">\n            <div class=\"u-align-center u-container-style u-list-item u-repeater-item\">\n              <div class=\"u-container-layout u-similar-container u-valign-top u-container-layout-1\">\n                <img decoding=\"async\" alt=\"\" class=\"u-expanded-width u-image u-image-default u-image-1\" data-image-width=\"150\" data-image-height=\"150\" src=\"https:\/\/feuerwehr-harmstorf.de\/wp-content\/uploads\/2025\/07\/man.svg\">\n                <h5 class=\"u-text u-text-2\"> Markus Behrens<\/h5>\n                <p class=\"u-text u-text-3\">Sicherheitsbeauftrager<\/p>\n              <\/div>\n            <\/div>\n            <div class=\"u-align-center u-container-style u-list-item u-repeater-item\">\n              <div class=\"u-container-layout u-similar-container u-valign-top u-container-layout-2\">\n                <img decoding=\"async\" alt=\"\" class=\"u-expanded-width u-image u-image-default u-image-2\" data-image-width=\"150\" data-image-height=\"150\" src=\"https:\/\/feuerwehr-harmstorf.de\/wp-content\/uploads\/2025\/07\/woman.svg\">\n                <h5 class=\"u-text u-text-4\">Michelle Kr\u00fcger<\/h5>\n                <p class=\"u-text u-text-5\">Atemschutzger\u00e4tewartin<\/p>\n              <\/div>\n            <\/div>\n            <div class=\"u-align-center u-container-style u-list-item u-repeater-item\">\n              <div class=\"u-container-layout u-similar-container u-valign-top u-container-layout-3\">\n                <img decoding=\"async\" alt=\"\" class=\"u-expanded-width u-image u-image-default u-image-3\" data-image-width=\"305\" data-image-height=\"470\" src=\"https:\/\/feuerwehr-harmstorf.de\/wp-content\/uploads\/2026\/02\/duan.jpg\">\n                <h5 class=\"u-text u-text-6\"> Doan\nVu<\/h5>\n                <p class=\"u-text u-text-7\">Zeugwart<\/p>\n              <\/div>\n            <\/div>\n            <div class=\"u-align-center u-container-style u-list-item u-repeater-item\">\n              <div class=\"u-container-layout u-similar-container u-valign-top u-container-layout-4\">\n                <img decoding=\"async\" alt=\"\" class=\"u-expanded-width u-image u-image-default u-image-4\" data-image-width=\"320\" data-image-height=\"473\" src=\"https:\/\/feuerwehr-harmstorf.de\/wp-content\/uploads\/2026\/02\/kirstein.jpg\">\n                <h5 class=\"u-text u-text-8\">Sascha Kirstein<\/h5>\n                <p class=\"u-text u-text-9\">Jugendfeuerwehrwart<\/p>\n              <\/div>\n            <\/div>\n            <div class=\"u-align-center u-container-style u-list-item u-repeater-item\">\n              <div class=\"u-container-layout u-similar-container u-valign-top u-container-layout-5\">\n                <img decoding=\"async\" alt=\"\" class=\"u-expanded-width u-image u-image-default u-image-5\" data-image-width=\"150\" data-image-height=\"150\" src=\"https:\/\/feuerwehr-harmstorf.de\/wp-content\/uploads\/2025\/07\/woman.svg\">\n                <h5 class=\"u-text u-text-10\"> Waltraut Sojka<\/h5>\n                <p class=\"u-text u-text-11\">Kinderfeuerwehrwartin<\/p>\n              <\/div>\n            <\/div>\n            <div class=\"u-align-center u-container-style u-list-item u-repeater-item\">\n              <div class=\"u-container-layout u-similar-container u-valign-top u-container-layout-6\">\n                <img decoding=\"async\" alt=\"\" class=\"u-expanded-width u-image u-image-default u-image-6\" data-image-width=\"150\" data-image-height=\"150\" src=\"https:\/\/feuerwehr-harmstorf.de\/wp-content\/uploads\/2025\/07\/man.svg\">\n                <h5 class=\"u-text u-text-12\">Sascha Schmidt<\/h5>\n                <p class=\"u-text u-text-13\">Funkwart<\/p>\n              <\/div>\n            <\/div>\n            <div class=\"u-align-center u-container-style u-list-item u-repeater-item\">\n              <div class=\"u-container-layout u-similar-container u-valign-top u-container-layout-7\">\n                <img decoding=\"async\" alt=\"\" class=\"u-expanded-width u-image u-image-default u-image-7\" data-image-width=\"250\" data-image-height=\"250\" src=\"https:\/\/feuerwehr-harmstorf.de\/wp-content\/uploads\/2025\/07\/man.svg\">\n                <h5 class=\"u-text u-text-14\"> Nils Pfaffenholz<\/h5>\n                <p class=\"u-text u-text-15\"> Schriftwart<\/p>\n              <\/div>\n            <\/div>\n            <div class=\"u-align-center u-container-style u-list-item u-repeater-item\">\n              <div class=\"u-container-layout u-similar-container u-valign-top u-container-layout-8\">\n                <img decoding=\"async\" alt=\"\" class=\"u-expanded-width u-image u-image-default u-image-8\" data-image-width=\"150\" data-image-height=\"150\" src=\"https:\/\/feuerwehr-harmstorf.de\/wp-content\/uploads\/2025\/07\/man.svg\">\n                <h5 class=\"u-text u-text-16\"> Andre J\u00f6rgensen<\/h5>\n                <p class=\"u-text u-text-17\">Gruppenf\u00fchrer<\/p>\n              <\/div>\n            <\/div>\n            <div class=\"u-align-center u-container-style u-list-item u-repeater-item\">\n              <div class=\"u-container-layout u-similar-container u-valign-top u-container-layout-9\">\n                <img decoding=\"async\" alt=\"\" class=\"u-expanded-width u-image u-image-default u-image-9\" data-image-width=\"250\" data-image-height=\"250\" src=\"https:\/\/feuerwehr-harmstorf.de\/wp-content\/uploads\/2025\/07\/woman.svg\">\n                <h5 class=\"u-text u-text-18\"> Wencke Krebs<\/h5>\n                <p class=\"u-text u-text-19\"> Pressewartin<\/p>\n              <\/div>\n            <\/div>\n            <div class=\"u-align-center u-container-style u-list-item u-repeater-item\">\n              <div class=\"u-container-layout u-similar-container u-valign-top u-container-layout-10\">\n                <img decoding=\"async\" alt=\"\" class=\"u-expanded-width u-image u-image-default u-image-10\" data-image-width=\"150\" data-image-height=\"150\" src=\"https:\/\/feuerwehr-harmstorf.de\/wp-content\/uploads\/2025\/07\/man.svg\">\n                <h5 class=\"u-text u-text-20\">Daniel Albers<\/h5>\n                <p class=\"u-text u-text-21\"> Ger\u00e4tewart<\/p>\n              <\/div>\n            <\/div>\n          <\/div>\n        <\/div>\n      <\/div>\n    <\/section>\n    \n    \n    \n    \n  \n","protected":false},"excerpt":{"rendered":"<p>Das Kommando Ortsbrandmeister Christian Albers Ortsbrandmeister Konrad Krebs stellv. Ortsbrandmeister Funktionstr\u00e4gerin &amp;&nbsp;Funktionstr\u00e4ger Markus Behrens Sicherheitsbeauftrager Michelle Kr\u00fcger Atemschutzger\u00e4tewartin Doan Vu Zeugwart Sascha Kirstein Jugendfeuerwehrwart Waltraut Sojka Kinderfeuerwehrwartin Sascha Schmidt Funkwart Nils Pfaffenholz Schriftwart Andre J\u00f6rgensen Gruppenf\u00fchrer Wencke Krebs Pressewartin Daniel Albers Ger\u00e4tewart<\/p>\n","protected":false},"author":1,"featured_media":0,"parent":0,"menu_order":6,"comment_status":"closed","ping_status":"closed","template":"","meta":{"footnotes":""},"class_list":["post-69","page","type-page","status-publish","hentry"],"_links":{"self":[{"href":"https:\/\/feuerwehr-harmstorf.de\/index.php?rest_route=\/wp\/v2\/pages\/69","targetHints":{"allow":["GET"]}}],"collection":[{"href":"https:\/\/feuerwehr-harmstorf.de\/index.php?rest_route=\/wp\/v2\/pages"}],"about":[{"href":"https:\/\/feuerwehr-harmstorf.de\/index.php?rest_route=\/wp\/v2\/types\/page"}],"author":[{"embeddable":true,"href":"https:\/\/feuerwehr-harmstorf.de\/index.php?rest_route=\/wp\/v2\/users\/1"}],"replies":[{"embeddable":true,"href":"https:\/\/feuerwehr-harmstorf.de\/index.php?rest_route=%2Fwp%2Fv2%2Fcomments&post=69"}],"version-history":[{"count":4,"href":"https:\/\/feuerwehr-harmstorf.de\/index.php?rest_route=\/wp\/v2\/pages\/69\/revisions"}],"predecessor-version":[{"id":136,"href":"https:\/\/feuerwehr-harmstorf.de\/index.php?rest_route=\/wp\/v2\/pages\/69\/revisions\/136"}],"wp:attachment":[{"href":"https:\/\/feuerwehr-harmstorf.de\/index.php?rest_route=%2Fwp%2Fv2%2Fmedia&parent=69"}],"curies":[{"name":"wp","href":"https:\/\/api.w.org\/{rel}","templated":true}]}}